{"id":1375,"date":"2022-04-18T16:42:18","date_gmt":"2022-04-18T14:42:18","guid":{"rendered":"https:\/\/podologoarguelles.es\/treatments\/papilloma\/"},"modified":"2023-10-19T19:19:12","modified_gmt":"2023-10-19T17:19:12","slug":"papilloma","status":"publish","type":"page","link":"https:\/\/podologoarguelles.es\/en\/treatments\/papilloma\/","title":{"rendered":"Papilloma"},"content":{"rendered":"\t\t<div data-elementor-type=\"wp-page\" data-elementor-id=\"1375\" class=\"elementor elementor-1375 elementor-770\" data-elementor-post-type=\"page\">\n\t\t\t\t\t\t<section class=\"elementor-section elementor-top-section elementor-element elementor-element-b90b339 elementor-section-height-min-height elementor-section-boxed elementor-section-height-default elementor-section-items-middle\" data-id=\"b90b339\" data-element_type=\"section\" data-e-type=\"section\" data-settings=\"{&quot;background_background&quot;:&quot;gradient&quot;,&quot;shape_divider_bottom&quot;:&quot;waves&quot;}\">\n\t\t\t\t\t<div class=\"elementor-shape elementor-shape-bottom\" aria-hidden=\"true\" data-negative=\"false\">\n\t\t\t<svg xmlns=\"http:\/\/www.w3.org\/2000\/svg\" viewBox=\"0 0 1000 100\" preserveAspectRatio=\"none\">\n\t<path class=\"elementor-shape-fill\" d=\"M421.9,6.5c22.6-2.5,51.5,0.4,75.5,5.3c23.6,4.9,70.9,23.5,100.5,35.7c75.8,32.2,133.7,44.5,192.6,49.7\n\tc23.6,2.1,48.7,3.5,103.4-2.5c54.7-6,106.2-25.6,106.2-25.6V0H0v30.3c0,0,72,32.6,158.4,30.5c39.2-0.7,92.8-6.7,134-22.4\n\tc21.2-8.1,52.2-18.2,79.7-24.2C399.3,7.9,411.6,7.5,421.9,6.5z\"\/>\n<\/svg>\t\t<\/div>\n\t\t\t\t\t<div class=\"elementor-container elementor-column-gap-default\">\n\t\t\t\t\t<div class=\"elementor-column elementor-col-100 elementor-top-column elementor-element elementor-element-798593a\" data-id=\"798593a\" data-element_type=\"column\" data-e-type=\"column\">\n\t\t\t<div class=\"elementor-widget-wrap elementor-element-populated\">\n\t\t\t\t\t\t<section class=\"elementor-section elementor-inner-section elementor-element elementor-element-28a3ab8 elementor-section-boxed elementor-section-height-default elementor-section-height-default\" data-id=\"28a3ab8\" data-element_type=\"section\" data-e-type=\"section\">\n\t\t\t\t\t\t<div class=\"elementor-container elementor-column-gap-default\">\n\t\t\t\t\t<div class=\"elementor-column elementor-col-50 elementor-inner-column elementor-element elementor-element-e687012\" data-id=\"e687012\" data-element_type=\"column\" data-e-type=\"column\" data-settings=\"{&quot;background_background&quot;:&quot;classic&quot;}\">\n\t\t\t<div class=\"elementor-widget-wrap elementor-element-populated\">\n\t\t\t\t\t\t<div class=\"elementor-element elementor-element-d9c3dc7 elementor-widget elementor-widget-heading\" data-id=\"d9c3dc7\" data-element_type=\"widget\" data-e-type=\"widget\" data-widget_type=\"heading.default\">\n\t\t\t\t\t<h1 class=\"elementor-heading-title elementor-size-default\">TREATMENT \/ Papilloma<\/h1>\t\t\t\t<\/div>\n\t\t\t\t<div class=\"elementor-element elementor-element-a78cc8a elementor-widget elementor-widget-heading\" data-id=\"a78cc8a\" data-element_type=\"widget\" data-e-type=\"widget\" data-widget_type=\"heading.default\">\n\t\t\t\t\t<h2 class=\"elementor-heading-title elementor-size-default\">Treatments in Madrid for Papilloma<\/h2>\t\t\t\t<\/div>\n\t\t\t\t<div class=\"elementor-element elementor-element-6eabf57 elementor-widget elementor-widget-text-editor\" data-id=\"6eabf57\" data-element_type=\"widget\" data-e-type=\"widget\" data-widget_type=\"text-editor.default\">\n\t\t\t\t\t\t\t\t\t<p>Papilloma is an infection caused by the human papillomavirus (HPV). These very problematic warts that often affect us especially on the feet, are an enemy especially of children waiting at the doors of the pool, the shower and floors where they settle waiting for a guest. It is very important to check your feet often, since this virus mostly affects children and adolescents.<\/p>\n<p>This invasion of our skin can be combated with different types of treatments:<\/p>\n<ul>\n<li>One of the most used is the treatment with nitric acid, which is one of the most effective and not very painful, although it is a slow treatment to obtain results.<\/li>\n<li>We also have the multifunction technique and even complete removal of the Papilloma through chirosurgery. <\/li>\n<\/ul>\n<p>If this virus is not treated, we run the risk of spreading it among family members or of it proliferating into a mosaic papilloma in ourselves, so the sooner the localization and treatment is, the greater its effectiveness. <\/p>\n\t\t\t\t\t\t\t\t<\/div>\n\t\t\t\t<div class=\"elementor-element elementor-element-fa2b341 elementor-widget elementor-widget-button\" data-id=\"fa2b341\" data-element_type=\"widget\" data-e-type=\"widget\" data-widget_type=\"button.default\">\n\t\t\t\t\t\t\t\t\t\t<a class=\"elementor-button elementor-button-link elementor-size-sm\" href=\"#cita-previa\">\n\t\t\t\t\t\t<span class=\"elementor-button-content-wrapper\">\n\t\t\t\t\t\t\t\t\t<span class=\"elementor-button-text\">Make an appointment for Papilloma<\/span>\n\t\t\t\t\t<\/span>\n\t\t\t\t\t<\/a>\n\t\t\t\t\t\t\t\t<\/div>\n\t\t\t\t\t<\/div>\n\t\t<\/div>\n\t\t\t\t<div class=\"elementor-column elementor-col-50 elementor-inner-column elementor-element elementor-element-b5dba34\" data-id=\"b5dba34\" data-element_type=\"column\" data-e-type=\"column\">\n\t\t\t<div class=\"elementor-widget-wrap elementor-element-populated\">\n\t\t\t\t\t\t<div class=\"elementor-element elementor-element-67009b3 elementor-widget elementor-widget-image\" data-id=\"67009b3\" data-element_type=\"widget\" data-e-type=\"widget\" data-widget_type=\"image.default\">\n\t\t\t\t\t\t\t\t\t\t\t\t\t\t\t<img fetchpriority=\"high\" decoding=\"async\" width=\"551\" height=\"640\" src=\"https:\/\/podologoarguelles.es\/wp-content\/uploads\/2022\/04\/papiloma.jpg\" class=\"attachment-full size-full wp-image-1288\" alt=\"\" srcset=\"https:\/\/podologoarguelles.es\/wp-content\/uploads\/2022\/04\/papiloma.jpg 551w, https:\/\/podologoarguelles.es\/wp-content\/uploads\/2022\/04\/papiloma-258x300.jpg 258w\" sizes=\"(max-width: 551px) 100vw, 551px\" \/>\t\t\t\t\t\t\t\t\t\t\t\t\t\t\t<\/div>\n\t\t\t\t\t<\/div>\n\t\t<\/div>\n\t\t\t\t\t<\/div>\n\t\t<\/section>\n\t\t\t\t\t<\/div>\n\t\t<\/div>\n\t\t\t\t\t<\/div>\n\t\t<\/section>\n\t\t\t\t<\/div>\n\t\t","protected":false},"excerpt":{"rendered":"<p>Papilloma is an infection caused by the human papillomavirus (HPV). These very problematic warts that often affect us especially on the feet, are an enemy especially of children waiting at the doors of the pool, the shower and floors where they settle waiting for a guest. It is very important to check your feet often, [&hellip;]<\/p>\n","protected":false},"author":3,"featured_media":0,"parent":1352,"menu_order":0,"comment_status":"closed","ping_status":"closed","template":"elementor_header_footer","meta":{"_acf_changed":false,"inline_featured_image":false,"_joinchat":[],"footnotes":""},"class_list":["post-1375","page","type-page","status-publish","hentry"],"acf":[],"yoast_head":"<!-- This site is optimized with the Yoast SEO plugin v27.0 - https:\/\/yoast.com\/product\/yoast-seo-wordpress\/ -->\n<title>Papilloma - Pod\u00f3logo Arg\u00fcelles | FeetMedic<\/title>\n<meta name=\"robots\" content=\"index, follow, max-snippet:-1, max-image-preview:large, max-video-preview:-1\" \/>\n<link rel=\"canonical\" href=\"https:\/\/podologoarguelles.es\/en\/treatments\/papilloma\/\" \/>\n<meta property=\"og:locale\" content=\"en_US\" \/>\n<meta property=\"og:type\" content=\"article\" \/>\n<meta property=\"og:title\" content=\"Papilloma - Pod\u00f3logo Arg\u00fcelles | FeetMedic\" \/>\n<meta property=\"og:description\" content=\"Papilloma is an infection caused by the human papillomavirus (HPV). These very problematic warts that often affect us especially on the feet, are an enemy especially of children waiting at the doors of the pool, the shower and floors where they settle waiting for a guest. It is very important to check your feet often, [&hellip;]\" \/>\n<meta property=\"og:url\" content=\"https:\/\/podologoarguelles.es\/en\/treatments\/papilloma\/\" \/>\n<meta property=\"og:site_name\" content=\"Pod\u00f3logo Arg\u00fcelles | FeetMedic\" \/>\n<meta property=\"article:modified_time\" content=\"2023-10-19T17:19:12+00:00\" \/>\n<meta property=\"og:image\" content=\"https:\/\/podologoarguelles.es\/wp-content\/uploads\/2022\/04\/papiloma.jpg\" \/>\n<meta name=\"twitter:card\" content=\"summary_large_image\" \/>\n<meta name=\"twitter:label1\" content=\"Est. reading time\" \/>\n\t<meta name=\"twitter:data1\" content=\"1 minute\" \/>\n<script type=\"application\/ld+json\" class=\"yoast-schema-graph\">{\"@context\":\"https:\/\/schema.org\",\"@graph\":[{\"@type\":\"WebPage\",\"@id\":\"https:\/\/podologoarguelles.es\/en\/treatments\/papilloma\/\",\"url\":\"https:\/\/podologoarguelles.es\/en\/treatments\/papilloma\/\",\"name\":\"Papilloma - Pod\u00f3logo Arg\u00fcelles | FeetMedic\",\"isPartOf\":{\"@id\":\"https:\/\/podologoarguelles.es\/en\/#website\"},\"primaryImageOfPage\":{\"@id\":\"https:\/\/podologoarguelles.es\/en\/treatments\/papilloma\/#primaryimage\"},\"image\":{\"@id\":\"https:\/\/podologoarguelles.es\/en\/treatments\/papilloma\/#primaryimage\"},\"thumbnailUrl\":\"https:\/\/podologoarguelles.es\/wp-content\/uploads\/2022\/04\/papiloma.jpg\",\"datePublished\":\"2022-04-18T14:42:18+00:00\",\"dateModified\":\"2023-10-19T17:19:12+00:00\",\"breadcrumb\":{\"@id\":\"https:\/\/podologoarguelles.es\/en\/treatments\/papilloma\/#breadcrumb\"},\"inLanguage\":\"en-US\",\"potentialAction\":[{\"@type\":\"ReadAction\",\"target\":[\"https:\/\/podologoarguelles.es\/en\/treatments\/papilloma\/\"]}]},{\"@type\":\"ImageObject\",\"inLanguage\":\"en-US\",\"@id\":\"https:\/\/podologoarguelles.es\/en\/treatments\/papilloma\/#primaryimage\",\"url\":\"https:\/\/podologoarguelles.es\/wp-content\/uploads\/2022\/04\/papiloma.jpg\",\"contentUrl\":\"https:\/\/podologoarguelles.es\/wp-content\/uploads\/2022\/04\/papiloma.jpg\"},{\"@type\":\"BreadcrumbList\",\"@id\":\"https:\/\/podologoarguelles.es\/en\/treatments\/papilloma\/#breadcrumb\",\"itemListElement\":[{\"@type\":\"ListItem\",\"position\":1,\"name\":\"Portada\",\"item\":\"https:\/\/podologoarguelles.es\/en\/home\/\"},{\"@type\":\"ListItem\",\"position\":2,\"name\":\"Treatments\",\"item\":\"https:\/\/podologoarguelles.es\/en\/treatments\/\"},{\"@type\":\"ListItem\",\"position\":3,\"name\":\"Papilloma\"}]},{\"@type\":\"WebSite\",\"@id\":\"https:\/\/podologoarguelles.es\/en\/#website\",\"url\":\"https:\/\/podologoarguelles.es\/en\/\",\"name\":\"Pod\u00f3logo Arg\u00fcelles | FeetMedic\",\"description\":\"Cl\u00ednica de podolog\u00eda en Arg\u00fcelles\",\"publisher\":{\"@id\":\"https:\/\/podologoarguelles.es\/en\/#organization\"},\"potentialAction\":[{\"@type\":\"SearchAction\",\"target\":{\"@type\":\"EntryPoint\",\"urlTemplate\":\"https:\/\/podologoarguelles.es\/en\/?s={search_term_string}\"},\"query-input\":{\"@type\":\"PropertyValueSpecification\",\"valueRequired\":true,\"valueName\":\"search_term_string\"}}],\"inLanguage\":\"en-US\"},{\"@type\":\"Organization\",\"@id\":\"https:\/\/podologoarguelles.es\/en\/#organization\",\"name\":\"Pod\u00f3logo Arg\u00fcelles | FeetMedic\",\"url\":\"https:\/\/podologoarguelles.es\/en\/\",\"logo\":{\"@type\":\"ImageObject\",\"inLanguage\":\"en-US\",\"@id\":\"https:\/\/podologoarguelles.es\/en\/#\/schema\/logo\/image\/\",\"url\":\"https:\/\/podologoarguelles.es\/wp-content\/uploads\/2022\/04\/logo-feetmedic.svg\",\"contentUrl\":\"https:\/\/podologoarguelles.es\/wp-content\/uploads\/2022\/04\/logo-feetmedic.svg\",\"width\":180,\"height\":66,\"caption\":\"Pod\u00f3logo Arg\u00fcelles | FeetMedic\"},\"image\":{\"@id\":\"https:\/\/podologoarguelles.es\/en\/#\/schema\/logo\/image\/\"}}]}<\/script>\n<!-- \/ Yoast SEO plugin. -->","yoast_head_json":{"title":"Papilloma - Pod\u00f3logo Arg\u00fcelles | FeetMedic","robots":{"index":"index","follow":"follow","max-snippet":"max-snippet:-1","max-image-preview":"max-image-preview:large","max-video-preview":"max-video-preview:-1"},"canonical":"https:\/\/podologoarguelles.es\/en\/treatments\/papilloma\/","og_locale":"en_US","og_type":"article","og_title":"Papilloma - Pod\u00f3logo Arg\u00fcelles | FeetMedic","og_description":"Papilloma is an infection caused by the human papillomavirus (HPV). These very problematic warts that often affect us especially on the feet, are an enemy especially of children waiting at the doors of the pool, the shower and floors where they settle waiting for a guest. It is very important to check your feet often, [&hellip;]","og_url":"https:\/\/podologoarguelles.es\/en\/treatments\/papilloma\/","og_site_name":"Pod\u00f3logo Arg\u00fcelles | FeetMedic","article_modified_time":"2023-10-19T17:19:12+00:00","og_image":[{"url":"https:\/\/podologoarguelles.es\/wp-content\/uploads\/2022\/04\/papiloma.jpg","type":"","width":"","height":""}],"twitter_card":"summary_large_image","twitter_misc":{"Est. reading time":"1 minute"},"schema":{"@context":"https:\/\/schema.org","@graph":[{"@type":"WebPage","@id":"https:\/\/podologoarguelles.es\/en\/treatments\/papilloma\/","url":"https:\/\/podologoarguelles.es\/en\/treatments\/papilloma\/","name":"Papilloma - Pod\u00f3logo Arg\u00fcelles | FeetMedic","isPartOf":{"@id":"https:\/\/podologoarguelles.es\/en\/#website"},"primaryImageOfPage":{"@id":"https:\/\/podologoarguelles.es\/en\/treatments\/papilloma\/#primaryimage"},"image":{"@id":"https:\/\/podologoarguelles.es\/en\/treatments\/papilloma\/#primaryimage"},"thumbnailUrl":"https:\/\/podologoarguelles.es\/wp-content\/uploads\/2022\/04\/papiloma.jpg","datePublished":"2022-04-18T14:42:18+00:00","dateModified":"2023-10-19T17:19:12+00:00","breadcrumb":{"@id":"https:\/\/podologoarguelles.es\/en\/treatments\/papilloma\/#breadcrumb"},"inLanguage":"en-US","potentialAction":[{"@type":"ReadAction","target":["https:\/\/podologoarguelles.es\/en\/treatments\/papilloma\/"]}]},{"@type":"ImageObject","inLanguage":"en-US","@id":"https:\/\/podologoarguelles.es\/en\/treatments\/papilloma\/#primaryimage","url":"https:\/\/podologoarguelles.es\/wp-content\/uploads\/2022\/04\/papiloma.jpg","contentUrl":"https:\/\/podologoarguelles.es\/wp-content\/uploads\/2022\/04\/papiloma.jpg"},{"@type":"BreadcrumbList","@id":"https:\/\/podologoarguelles.es\/en\/treatments\/papilloma\/#breadcrumb","itemListElement":[{"@type":"ListItem","position":1,"name":"Portada","item":"https:\/\/podologoarguelles.es\/en\/home\/"},{"@type":"ListItem","position":2,"name":"Treatments","item":"https:\/\/podologoarguelles.es\/en\/treatments\/"},{"@type":"ListItem","position":3,"name":"Papilloma"}]},{"@type":"WebSite","@id":"https:\/\/podologoarguelles.es\/en\/#website","url":"https:\/\/podologoarguelles.es\/en\/","name":"Pod\u00f3logo Arg\u00fcelles | FeetMedic","description":"Cl\u00ednica de podolog\u00eda en Arg\u00fcelles","publisher":{"@id":"https:\/\/podologoarguelles.es\/en\/#organization"},"potentialAction":[{"@type":"SearchAction","target":{"@type":"EntryPoint","urlTemplate":"https:\/\/podologoarguelles.es\/en\/?s={search_term_string}"},"query-input":{"@type":"PropertyValueSpecification","valueRequired":true,"valueName":"search_term_string"}}],"inLanguage":"en-US"},{"@type":"Organization","@id":"https:\/\/podologoarguelles.es\/en\/#organization","name":"Pod\u00f3logo Arg\u00fcelles | FeetMedic","url":"https:\/\/podologoarguelles.es\/en\/","logo":{"@type":"ImageObject","inLanguage":"en-US","@id":"https:\/\/podologoarguelles.es\/en\/#\/schema\/logo\/image\/","url":"https:\/\/podologoarguelles.es\/wp-content\/uploads\/2022\/04\/logo-feetmedic.svg","contentUrl":"https:\/\/podologoarguelles.es\/wp-content\/uploads\/2022\/04\/logo-feetmedic.svg","width":180,"height":66,"caption":"Pod\u00f3logo Arg\u00fcelles | FeetMedic"},"image":{"@id":"https:\/\/podologoarguelles.es\/en\/#\/schema\/logo\/image\/"}}]}},"_links":{"self":[{"href":"https:\/\/podologoarguelles.es\/en\/wp-json\/wp\/v2\/pages\/1375","targetHints":{"allow":["GET"]}}],"collection":[{"href":"https:\/\/podologoarguelles.es\/en\/wp-json\/wp\/v2\/pages"}],"about":[{"href":"https:\/\/podologoarguelles.es\/en\/wp-json\/wp\/v2\/types\/page"}],"author":[{"embeddable":true,"href":"https:\/\/podologoarguelles.es\/en\/wp-json\/wp\/v2\/users\/3"}],"replies":[{"embeddable":true,"href":"https:\/\/podologoarguelles.es\/en\/wp-json\/wp\/v2\/comments?post=1375"}],"version-history":[{"count":0,"href":"https:\/\/podologoarguelles.es\/en\/wp-json\/wp\/v2\/pages\/1375\/revisions"}],"up":[{"embeddable":true,"href":"https:\/\/podologoarguelles.es\/en\/wp-json\/wp\/v2\/pages\/1352"}],"wp:attachment":[{"href":"https:\/\/podologoarguelles.es\/en\/wp-json\/wp\/v2\/media?parent=1375"}],"curies":[{"name":"wp","href":"https:\/\/api.w.org\/{rel}","templated":true}]}}