{"id":1346,"date":"2022-05-04T09:13:52","date_gmt":"2022-05-04T07:13:52","guid":{"rendered":"https:\/\/podologoarguelles.es\/privacy-policy\/"},"modified":"2023-10-19T18:36:13","modified_gmt":"2023-10-19T16:36:13","slug":"privacy-policy","status":"publish","type":"page","link":"https:\/\/podologoarguelles.es\/en\/privacy-policy\/","title":{"rendered":"Privacy Policy"},"content":{"rendered":"\t\t<div data-elementor-type=\"wp-page\" data-elementor-id=\"1346\" class=\"elementor elementor-1346 elementor-971\" data-elementor-post-type=\"page\">\n\t\t\t\t\t\t<section class=\"elementor-section elementor-top-section elementor-element elementor-element-75f71261 elementor-section-boxed elementor-section-height-default elementor-section-height-default\" data-id=\"75f71261\" data-element_type=\"section\" data-e-type=\"section\">\n\t\t\t\t\t\t<div class=\"elementor-container elementor-column-gap-default\">\n\t\t\t\t\t<div class=\"elementor-column elementor-col-100 elementor-top-column elementor-element elementor-element-703d1e1e\" data-id=\"703d1e1e\" data-element_type=\"column\" data-e-type=\"column\">\n\t\t\t<div class=\"elementor-widget-wrap elementor-element-populated\">\n\t\t\t\t\t\t<div class=\"elementor-element elementor-element-56be409 elementor-widget elementor-widget-heading\" data-id=\"56be409\" data-element_type=\"widget\" data-e-type=\"widget\" data-widget_type=\"heading.default\">\n\t\t\t\t\t<h2 class=\"elementor-heading-title elementor-size-default\">Privacy Policy<\/h2>\t\t\t\t<\/div>\n\t\t\t\t<div class=\"elementor-element elementor-element-54fd003d elementor-widget elementor-widget-text-editor\" data-id=\"54fd003d\" data-element_type=\"widget\" data-e-type=\"widget\" data-widget_type=\"text-editor.default\">\n\t\t\t\t\t\t\t\t\t\n<h2>I. PERSONAL DATA PROTECTION POLICY<\/h2>\n\n\n\n<p>FEETMEDIC (the \u201cCompany\u201d) is an Organization in which personal data processing activities take place, which gives it an important responsibility in the design and organization of procedures so that they are aligned with legal compliance in this matter. .<\/p>\n\n\n\n<p>In the exercise of these responsibilities and in order to establish the general principles that should govern the processing of personal data in the Company, it approves this Personal Data Protection Policy, which it notifies its Employees and makes available. of all its interest groups.<\/p>\n\n\n\n<p><strong>1. Purpose.<br><\/strong>The Personal Data Protection Policy is a proactive Responsibility measure that has the purpose of ensuring compliance with the applicable legislation on this matter and in relation to it, respect for the right to honor and privacy in the processing of data. personal nature of all people who relate to the Company.<\/p>\n\n\n\n<p>In development of the provisions of this Personal Data Protection Policy, the Principles that govern the processing of data in the organization and consequently, the procedures, and the organizational and security measures that the people affected by They undertake to implement this Policy in their area of responsibility.<\/p>\n\n\n\n<p>To this end, the Management will assign responsibilities to the personnel involved in data processing operations.<\/p>\n\n\n\n<p><strong>2. Scope of application.<\/strong><br>This Personal Data Protection Policy will apply to the Company, its administrators, directors and employees, as well as to all people related to it, with the express inclusion of service providers with access to data (\u201c &#8220;Those in charge of treatment&#8221;).<\/p>\n\n\n\n<p><strong>3. Principles of processing personal data.<\/strong><br>As a general principle, The Company will scrupulously comply with legislation on the protection of personal data and must be able to demonstrate it (Principle of &#8220;proactive responsibility&#8221;), paying special attention to those treatments that may pose a greater risk to rights. of those affected (\u201crisk approach\u201d principle).<\/p>\n\n\n\n<p>In relation to the above, FEETMEDIC will ensure compliance with the following Principles:<\/p>\n\n\n\n<p>\u2013 Legality, loyalty, transparency and limitation of purpose. Data processing must always be informed to the affected party, through clauses and other procedures; and it will only be considered legitimate if there is consent for the processing of data (with special attention to that given by minors), or it has other valid legitimacy and the purpose thereof is in accordance with the Regulations.<\/p>\n\n\n\n<p>\u2013 Data minimization. The data processed must be adequate, relevant and limited to what is necessary in relation to the purposes of the processing.<\/p>\n\n\n\n<p>&#8211; Accuracy. The data must be exact and, if necessary, updated. In this regard, the necessary measures will be taken to promptly delete or rectify personal data that are inaccurate with respect to the purposes of the processing.<\/p>\n\n\n\n<p>\u2013 Limitation of the conservation period. The data will be maintained in a way that allows the identification of the interested parties for no longer than necessary for the purposes of the treatment.<\/p>\n\n\n\n<p>\u2013 Integrity and Confidentiality. The data will be processed in such a way as to ensure adequate security of personal data, including protection against unauthorized or unlawful processing and against accidental loss, destruction or damage, through the application of appropriate technical or organizational measures.<\/p>\n\n\n\n<p>\u2013 Data transfers. The purchase or obtaining of personal data from illegitimate sources is prohibited or in those cases in which said data has been collected or transferred in contravention of the law or its legitimate origin is not sufficiently guaranteed.<\/p>\n\n\n\n<p>\u2013 Hiring suppliers with access to data. Only suppliers who offer sufficient guarantees to apply appropriate technical and security measures in data processing will be chosen for contracting. The proper Agreement in this regard will be documented with these third parties.<\/p>\n\n\n\n<p>\u2013 International data transfers. All processing of personal data subject to European Union regulations that involves a transfer of data outside the European Economic Area must be carried out in strict compliance with the requirements established in the applicable law.<\/p>\n\n\n\n<p>\u2013 Rights of those affected. The Company will facilitate those affected in the exercise of the rights of access, rectification, deletion, limitation of processing, opposition and portability, establishing for this purpose the internal procedures, and in particular the models for their exercise that are necessary and appropriate, which They must satisfy, at least, the legal requirements applicable in each case. The Company will promote that the principles included in this Personal Data Protection Policy are taken into account. (i) in the design and implementation of all work procedures, (ii) in the products and services offered (iii) in all contracts and obligations that they formalize or assume and (iv) in the implementation of any systems and platforms that allow access by employees or third parties and\/or the collection or processing of personal data.<\/p>\n\n\n\n<p><strong>4. Commitment of workers<\/strong><br>Workers are informed of this Policy and declare themselves aware that personal information is an asset of the Company, and in this regard they adhere to it, committing to the following:<\/p>\n\n\n\n<p>\u2013 Carry out the data protection awareness training that the Company makes available to you.<\/p>\n\n\n\n<p>\u2013 Apply security measures at the user level that apply to their job, without prejudice to the responsibilities in their design and implementation that may be attributed to them based on their role within FEETMEDIC.<\/p>\n\n\n\n<p>\u2013 Use the established formats for the exercise of Rights by those affected and inform the Company immediately so that the response can be effective.<\/p>\n\n\n\n<p>\u2013 Inform the Company, as soon as it becomes aware, of deviations from what is established in this Policy, in particular of \u201cPersonal data security violations\u201d, using the format established for this purpose.<\/p>\n\n\n\n<p><strong>5. Control and evaluation<\/strong><br>An annual verification, evaluation and assessment will be carried out, or whenever there are significant changes in data processing, of the effectiveness of the technical and organizational measures to guarantee the security of the processing.<\/p>\n\n\n\n<h3>FEETMEDIC.ES<\/h3>\n\t\t\t\t\t\t\t\t<\/div>\n\t\t\t\t\t<\/div>\n\t\t<\/div>\n\t\t\t\t\t<\/div>\n\t\t<\/section>\n\t\t\t\t<\/div>\n\t\t","protected":false},"excerpt":{"rendered":"<p>Privacy Policy I. PERSONAL DATA PROTECTION POLICY FEETMEDIC (the \u201cCompany\u201d) is an Organization in which personal data processing activities take place, which gives it an important responsibility in the design and organization of procedures so that they are aligned with legal compliance in this matter. . In the exercise of these responsibilities and in order [&hellip;]<\/p>\n","protected":false},"author":3,"featured_media":0,"parent":0,"menu_order":0,"comment_status":"closed","ping_status":"closed","template":"elementor_header_footer","meta":{"_acf_changed":false,"inline_featured_image":false,"_joinchat":[],"footnotes":""},"class_list":["post-1346","page","type-page","status-publish","hentry"],"acf":[],"yoast_head":"<!-- This site is optimized with the Yoast SEO plugin v27.0 - https:\/\/yoast.com\/product\/yoast-seo-wordpress\/ -->\n<title>Privacy Policy - Pod\u00f3logo Arg\u00fcelles | FeetMedic<\/title>\n<meta name=\"robots\" content=\"index, follow, max-snippet:-1, max-image-preview:large, max-video-preview:-1\" \/>\n<link rel=\"canonical\" href=\"https:\/\/podologoarguelles.es\/en\/privacy-policy\/\" \/>\n<meta property=\"og:locale\" content=\"en_US\" \/>\n<meta property=\"og:type\" content=\"article\" \/>\n<meta property=\"og:title\" content=\"Privacy Policy - Pod\u00f3logo Arg\u00fcelles | FeetMedic\" \/>\n<meta property=\"og:description\" content=\"Privacy Policy I. PERSONAL DATA PROTECTION POLICY FEETMEDIC (the \u201cCompany\u201d) is an Organization in which personal data processing activities take place, which gives it an important responsibility in the design and organization of procedures so that they are aligned with legal compliance in this matter. . In the exercise of these responsibilities and in order [&hellip;]\" \/>\n<meta property=\"og:url\" content=\"https:\/\/podologoarguelles.es\/en\/privacy-policy\/\" \/>\n<meta property=\"og:site_name\" content=\"Pod\u00f3logo Arg\u00fcelles | FeetMedic\" \/>\n<meta property=\"article:modified_time\" content=\"2023-10-19T16:36:13+00:00\" \/>\n<meta name=\"twitter:card\" content=\"summary_large_image\" \/>\n<meta name=\"twitter:label1\" content=\"Est. reading time\" \/>\n\t<meta name=\"twitter:data1\" content=\"5 minutes\" \/>\n<script type=\"application\/ld+json\" class=\"yoast-schema-graph\">{\"@context\":\"https:\/\/schema.org\",\"@graph\":[{\"@type\":\"WebPage\",\"@id\":\"https:\/\/podologoarguelles.es\/en\/privacy-policy\/\",\"url\":\"https:\/\/podologoarguelles.es\/en\/privacy-policy\/\",\"name\":\"Privacy Policy - Pod\u00f3logo Arg\u00fcelles | FeetMedic\",\"isPartOf\":{\"@id\":\"https:\/\/podologoarguelles.es\/en\/#website\"},\"datePublished\":\"2022-05-04T07:13:52+00:00\",\"dateModified\":\"2023-10-19T16:36:13+00:00\",\"breadcrumb\":{\"@id\":\"https:\/\/podologoarguelles.es\/en\/privacy-policy\/#breadcrumb\"},\"inLanguage\":\"en-US\",\"potentialAction\":[{\"@type\":\"ReadAction\",\"target\":[\"https:\/\/podologoarguelles.es\/en\/privacy-policy\/\"]}]},{\"@type\":\"BreadcrumbList\",\"@id\":\"https:\/\/podologoarguelles.es\/en\/privacy-policy\/#breadcrumb\",\"itemListElement\":[{\"@type\":\"ListItem\",\"position\":1,\"name\":\"Portada\",\"item\":\"https:\/\/podologoarguelles.es\/en\/home\/\"},{\"@type\":\"ListItem\",\"position\":2,\"name\":\"Privacy Policy\"}]},{\"@type\":\"WebSite\",\"@id\":\"https:\/\/podologoarguelles.es\/en\/#website\",\"url\":\"https:\/\/podologoarguelles.es\/en\/\",\"name\":\"Pod\u00f3logo Arg\u00fcelles | FeetMedic\",\"description\":\"Cl\u00ednica de podolog\u00eda en Arg\u00fcelles\",\"publisher\":{\"@id\":\"https:\/\/podologoarguelles.es\/en\/#organization\"},\"potentialAction\":[{\"@type\":\"SearchAction\",\"target\":{\"@type\":\"EntryPoint\",\"urlTemplate\":\"https:\/\/podologoarguelles.es\/en\/?s={search_term_string}\"},\"query-input\":{\"@type\":\"PropertyValueSpecification\",\"valueRequired\":true,\"valueName\":\"search_term_string\"}}],\"inLanguage\":\"en-US\"},{\"@type\":\"Organization\",\"@id\":\"https:\/\/podologoarguelles.es\/en\/#organization\",\"name\":\"Pod\u00f3logo Arg\u00fcelles | FeetMedic\",\"url\":\"https:\/\/podologoarguelles.es\/en\/\",\"logo\":{\"@type\":\"ImageObject\",\"inLanguage\":\"en-US\",\"@id\":\"https:\/\/podologoarguelles.es\/en\/#\/schema\/logo\/image\/\",\"url\":\"https:\/\/podologoarguelles.es\/wp-content\/uploads\/2022\/04\/logo-feetmedic.svg\",\"contentUrl\":\"https:\/\/podologoarguelles.es\/wp-content\/uploads\/2022\/04\/logo-feetmedic.svg\",\"width\":180,\"height\":66,\"caption\":\"Pod\u00f3logo Arg\u00fcelles | FeetMedic\"},\"image\":{\"@id\":\"https:\/\/podologoarguelles.es\/en\/#\/schema\/logo\/image\/\"}}]}<\/script>\n<!-- \/ Yoast SEO plugin. -->","yoast_head_json":{"title":"Privacy Policy - Pod\u00f3logo Arg\u00fcelles | FeetMedic","robots":{"index":"index","follow":"follow","max-snippet":"max-snippet:-1","max-image-preview":"max-image-preview:large","max-video-preview":"max-video-preview:-1"},"canonical":"https:\/\/podologoarguelles.es\/en\/privacy-policy\/","og_locale":"en_US","og_type":"article","og_title":"Privacy Policy - Pod\u00f3logo Arg\u00fcelles | FeetMedic","og_description":"Privacy Policy I. PERSONAL DATA PROTECTION POLICY FEETMEDIC (the \u201cCompany\u201d) is an Organization in which personal data processing activities take place, which gives it an important responsibility in the design and organization of procedures so that they are aligned with legal compliance in this matter. . In the exercise of these responsibilities and in order [&hellip;]","og_url":"https:\/\/podologoarguelles.es\/en\/privacy-policy\/","og_site_name":"Pod\u00f3logo Arg\u00fcelles | FeetMedic","article_modified_time":"2023-10-19T16:36:13+00:00","twitter_card":"summary_large_image","twitter_misc":{"Est. reading time":"5 minutes"},"schema":{"@context":"https:\/\/schema.org","@graph":[{"@type":"WebPage","@id":"https:\/\/podologoarguelles.es\/en\/privacy-policy\/","url":"https:\/\/podologoarguelles.es\/en\/privacy-policy\/","name":"Privacy Policy - Pod\u00f3logo Arg\u00fcelles | FeetMedic","isPartOf":{"@id":"https:\/\/podologoarguelles.es\/en\/#website"},"datePublished":"2022-05-04T07:13:52+00:00","dateModified":"2023-10-19T16:36:13+00:00","breadcrumb":{"@id":"https:\/\/podologoarguelles.es\/en\/privacy-policy\/#breadcrumb"},"inLanguage":"en-US","potentialAction":[{"@type":"ReadAction","target":["https:\/\/podologoarguelles.es\/en\/privacy-policy\/"]}]},{"@type":"BreadcrumbList","@id":"https:\/\/podologoarguelles.es\/en\/privacy-policy\/#breadcrumb","itemListElement":[{"@type":"ListItem","position":1,"name":"Portada","item":"https:\/\/podologoarguelles.es\/en\/home\/"},{"@type":"ListItem","position":2,"name":"Privacy Policy"}]},{"@type":"WebSite","@id":"https:\/\/podologoarguelles.es\/en\/#website","url":"https:\/\/podologoarguelles.es\/en\/","name":"Pod\u00f3logo Arg\u00fcelles | FeetMedic","description":"Cl\u00ednica de podolog\u00eda en Arg\u00fcelles","publisher":{"@id":"https:\/\/podologoarguelles.es\/en\/#organization"},"potentialAction":[{"@type":"SearchAction","target":{"@type":"EntryPoint","urlTemplate":"https:\/\/podologoarguelles.es\/en\/?s={search_term_string}"},"query-input":{"@type":"PropertyValueSpecification","valueRequired":true,"valueName":"search_term_string"}}],"inLanguage":"en-US"},{"@type":"Organization","@id":"https:\/\/podologoarguelles.es\/en\/#organization","name":"Pod\u00f3logo Arg\u00fcelles | FeetMedic","url":"https:\/\/podologoarguelles.es\/en\/","logo":{"@type":"ImageObject","inLanguage":"en-US","@id":"https:\/\/podologoarguelles.es\/en\/#\/schema\/logo\/image\/","url":"https:\/\/podologoarguelles.es\/wp-content\/uploads\/2022\/04\/logo-feetmedic.svg","contentUrl":"https:\/\/podologoarguelles.es\/wp-content\/uploads\/2022\/04\/logo-feetmedic.svg","width":180,"height":66,"caption":"Pod\u00f3logo Arg\u00fcelles | FeetMedic"},"image":{"@id":"https:\/\/podologoarguelles.es\/en\/#\/schema\/logo\/image\/"}}]}},"_links":{"self":[{"href":"https:\/\/podologoarguelles.es\/en\/wp-json\/wp\/v2\/pages\/1346","targetHints":{"allow":["GET"]}}],"collection":[{"href":"https:\/\/podologoarguelles.es\/en\/wp-json\/wp\/v2\/pages"}],"about":[{"href":"https:\/\/podologoarguelles.es\/en\/wp-json\/wp\/v2\/types\/page"}],"author":[{"embeddable":true,"href":"https:\/\/podologoarguelles.es\/en\/wp-json\/wp\/v2\/users\/3"}],"replies":[{"embeddable":true,"href":"https:\/\/podologoarguelles.es\/en\/wp-json\/wp\/v2\/comments?post=1346"}],"version-history":[{"count":0,"href":"https:\/\/podologoarguelles.es\/en\/wp-json\/wp\/v2\/pages\/1346\/revisions"}],"wp:attachment":[{"href":"https:\/\/podologoarguelles.es\/en\/wp-json\/wp\/v2\/media?parent=1346"}],"curies":[{"name":"wp","href":"https:\/\/api.w.org\/{rel}","templated":true}]}}