{"id":1344,"date":"2022-05-04T09:18:54","date_gmt":"2022-05-04T07:18:54","guid":{"rendered":"https:\/\/podologoarguelles.es\/cookies-policy\/"},"modified":"2023-10-19T18:11:57","modified_gmt":"2023-10-19T16:11:57","slug":"cookies-policy","status":"publish","type":"page","link":"https:\/\/podologoarguelles.es\/en\/cookies-policy\/","title":{"rendered":"Cookies policy"},"content":{"rendered":"\t\t<div data-elementor-type=\"wp-page\" data-elementor-id=\"1344\" class=\"elementor elementor-1344 elementor-984\" data-elementor-post-type=\"page\">\n\t\t\t\t\t\t<section class=\"elementor-section elementor-top-section elementor-element elementor-element-75f71261 elementor-section-boxed elementor-section-height-default elementor-section-height-default\" data-id=\"75f71261\" data-element_type=\"section\" data-e-type=\"section\">\n\t\t\t\t\t\t<div class=\"elementor-container elementor-column-gap-default\">\n\t\t\t\t\t<div class=\"elementor-column elementor-col-100 elementor-top-column elementor-element elementor-element-703d1e1e\" data-id=\"703d1e1e\" data-element_type=\"column\" data-e-type=\"column\">\n\t\t\t<div class=\"elementor-widget-wrap elementor-element-populated\">\n\t\t\t\t\t\t<div class=\"elementor-element elementor-element-56be409 elementor-widget elementor-widget-heading\" data-id=\"56be409\" data-element_type=\"widget\" data-e-type=\"widget\" data-widget_type=\"heading.default\">\n\t\t\t\t\t<h2 class=\"elementor-heading-title elementor-size-default\">Cookies policy<\/h2>\t\t\t\t<\/div>\n\t\t\t\t<div class=\"elementor-element elementor-element-54fd003d elementor-widget elementor-widget-text-editor\" data-id=\"54fd003d\" data-element_type=\"widget\" data-e-type=\"widget\" data-widget_type=\"text-editor.default\">\n\t\t\t\t\t\t\t\t\t<p>The FEETMEDIC website uses cookies (small information files that the server sends to the computer of the person accessing the page) for the correct functioning and visualization of the websites by the user, as well as the collection of statistics. Specifically, the following Cookies are used:<\/p>\n\t\t\t\t\t\t\t\t<\/div>\n\t\t\t\t<div class=\"elementor-element elementor-element-dedffe0 uael-header-sticky-no uael-border-yes elementor-widget elementor-widget-uael-table\" data-id=\"dedffe0\" data-element_type=\"widget\" data-e-type=\"widget\" data-widget_type=\"uael-table.default\">\n\t\t\t\t<div class=\"elementor-widget-container\">\n\t\t\t\t\t<div itemscope class=\"uael-table-wrapper\" itemtype=\"http:\/\/schema.org\/Table\">\n\t\t<table id=\"uael-table-id-dedffe0\" class=\"uael-text-break uael-column-rules uael-table\" data-sort-table=\"no\" data-show-entry=\"no\" data-searchable=\"no\" data-responsive=\"yes\">\n\t\t\t\t<thead>\n\t\t\t\t\t\t\t\t\t\t<tr class=\"uael-table-row\">\n\t\t\t\t\t\t\t\t\t\t\t\t\t<th data-sort=\"0\" class=\"sort-this elementor-repeater-item-fc04551 uael-table-col uael-table-head-cell-text\" scope=\"col\">\n\t\t\t\t\t\t\t<span class=\"sort-style\">\n\t\t\t\t\t\t\t<span class=\"uael-table__text\">\n\t\t\t\t\t\t\t\t\t\t\t\t\t\t\t\t\t\t\t\t\t\t\t\t\t\t\t\t\t\t\t\t\t\t<span class=\"uael-table__text-inner\">COOKIE<\/span>\n\n\t\t\t\t\t\t\t\t\t\t\t\t\t\t\t\t\t\t\t\t\t\t\t\t\t\t\t\t\t\t\t\t\t<\/span>\n\t\t\t\t\t\t\t\t\t\t\t\t\t\t<\/span>\n\t\t\t\t\t\t<\/th>\n\t\t\t\t\t\t\t\t\t\t\t\t<th data-sort=\"1\" class=\"sort-this elementor-repeater-item-984cf1e uael-table-col uael-table-head-cell-text\" scope=\"col\">\n\t\t\t\t\t\t\t<span class=\"sort-style\">\n\t\t\t\t\t\t\t<span class=\"uael-table__text\">\n\t\t\t\t\t\t\t\t\t\t\t\t\t\t\t\t\t\t\t\t\t\t\t\t\t\t\t\t\t\t\t\t\t\t<span class=\"uael-table__text-inner\">CATEGORY<\/span>\n\n\t\t\t\t\t\t\t\t\t\t\t\t\t\t\t\t\t\t\t\t\t\t\t\t\t\t\t\t\t\t\t\t\t<\/span>\n\t\t\t\t\t\t\t\t\t\t\t\t\t\t<\/span>\n\t\t\t\t\t\t<\/th>\n\t\t\t\t\t\t\t\t\t\t\t\t<th data-sort=\"2\" class=\"sort-this elementor-repeater-item-4eb8c12 uael-table-col uael-table-head-cell-text\" scope=\"col\">\n\t\t\t\t\t\t\t<span class=\"sort-style\">\n\t\t\t\t\t\t\t<span class=\"uael-table__text\">\n\t\t\t\t\t\t\t\t\t\t\t\t\t\t\t\t\t\t\t\t\t\t\t\t\t\t\t\t\t\t\t\t\t\t<span class=\"uael-table__text-inner\">DESCRIPTION<\/span>\n\n\t\t\t\t\t\t\t\t\t\t\t\t\t\t\t\t\t\t\t\t\t\t\t\t\t\t\t\t\t\t\t\t\t<\/span>\n\t\t\t\t\t\t\t\t\t\t\t\t\t\t<\/span>\n\t\t\t\t\t\t<\/th>\n\t\t\t\t\t\t\t\t\t\t\t\t<th data-sort=\"3\" class=\"sort-this elementor-repeater-item-54da848 uael-table-col uael-table-head-cell-text\" scope=\"col\">\n\t\t\t\t\t\t\t<span class=\"sort-style\">\n\t\t\t\t\t\t\t<span class=\"uael-table__text\">\n\t\t\t\t\t\t\t\t\t\t\t\t\t\t\t\t\t\t\t\t\t\t\t\t\t\t\t\t\t\t\t\t\t\t<span class=\"uael-table__text-inner\">DURATION<\/span>\n\n\t\t\t\t\t\t\t\t\t\t\t\t\t\t\t\t\t\t\t\t\t\t\t\t\t\t\t\t\t\t\t\t\t<\/span>\n\t\t\t\t\t\t\t\t\t\t\t\t\t\t<\/span>\n\t\t\t\t\t\t<\/th>\n\t\t\t\t\t\t\t\t<\/thead>\n\t\t\t\t<tbody>\n\t\t\t<!-- ROWS -->\n\t\t\t\t\t\t\t\t\t\t<tr data-entry=\"1\" class=\"uael-table-row\">\n\t\t\t\t\t\t\t\t\t\t\t\t\t\t\t\t\t<td class=\"uael-table-col uael-table-body-cell-text elementor-repeater-item-757e310\" data-title=\"COOKIE\">\n\t\t\t\t\t\t\t\t\t\t\t\t\t\t\t<span class=\"uael-table__text\">\n\t\t\t\t\t\t\t\t\t\t\t\t\t\t\t\t\t\t\t\t\t\t\t\t\t\t\t\t\t\t\t\t\t\t\t\t\t<span class=\"uael-table__text-inner\">_ga_<\/span>\n\t\t\t\t\t\t\t\t\t\t\t\t\t\t\t\t\t\t\t\t\t\t\t\t\t\t\t\t\t\t\t\t\t\t\t\t<\/span>\n\t\t\t\t\t\t\t\t\t\t\t\t\t<\/td>\n\t\t\t\t\t\t\t\t\t\t\t\t\t<td class=\"uael-table-col uael-table-body-cell-text elementor-repeater-item-3083d82\" data-title=\"CATEGORY\">\n\t\t\t\t\t\t\t\t\t\t\t\t\t\t\t<span class=\"uael-table__text\">\n\t\t\t\t\t\t\t\t\t\t\t\t\t\t\t\t\t\t\t\t\t\t\t\t\t\t\t\t\t\t\t\t\t\t\t\t\t<span class=\"uael-table__text-inner\">Analytic<\/span>\n\t\t\t\t\t\t\t\t\t\t\t\t\t\t\t\t\t\t\t\t\t\t\t\t\t\t\t\t\t\t\t\t\t\t\t\t<\/span>\n\t\t\t\t\t\t\t\t\t\t\t\t\t<\/td>\n\t\t\t\t\t\t\t\t\t\t\t\t\t<td class=\"uael-table-col uael-table-body-cell-text elementor-repeater-item-2070b9c\" data-title=\"DESCRIPTION\">\n\t\t\t\t\t\t\t\t\t\t\t\t\t\t\t<span class=\"uael-table__text\">\n\t\t\t\t\t\t\t\t\t\t\t\t\t\t\t\t\t\t\t\t\t\t\t\t\t\t\t\t\t\t\t\t\t\t\t\t\t<span class=\"uael-table__text-inner\">User identification<\/span>\n\t\t\t\t\t\t\t\t\t\t\t\t\t\t\t\t\t\t\t\t\t\t\t\t\t\t\t\t\t\t\t\t\t\t\t\t<\/span>\n\t\t\t\t\t\t\t\t\t\t\t\t\t<\/td>\n\t\t\t\t\t\t\t\t\t\t\t\t\t<td class=\"uael-table-col uael-table-body-cell-text elementor-repeater-item-84ac08b\" data-title=\"DURATION\">\n\t\t\t\t\t\t\t\t\t\t\t\t\t\t\t<span class=\"uael-table__text\">\n\t\t\t\t\t\t\t\t\t\t\t\t\t\t\t\t\t\t\t\t\t\t\t\t\t\t\t\t\t\t\t\t\t\t\t\t\t<span class=\"uael-table__text-inner\">Sesion<\/span>\n\t\t\t\t\t\t\t\t\t\t\t\t\t\t\t\t\t\t\t\t\t\t\t\t\t\t\t\t\t\t\t\t\t\t\t\t<\/span>\n\t\t\t\t\t\t\t\t\t\t\t\t\t<\/td>\n\t\t\t\t\t\t\t\t\t\t\t\t\t\t<\/tr><tr data-entry=\"2\" class=\"uael-table-row\">\n\t\t\t\t\t\t\t\t\t\t\t\t\t\t\t\t\t\t<td class=\"uael-table-col uael-table-body-cell-text elementor-repeater-item-06a572f\" data-title=\"COOKIE\">\n\t\t\t\t\t\t\t\t\t\t\t\t\t\t\t<span class=\"uael-table__text\">\n\t\t\t\t\t\t\t\t\t\t\t\t\t\t\t\t\t\t\t\t\t\t\t\t\t\t\t\t\t\t\t\t\t\t\t\t\t<span class=\"uael-table__text-inner\">_gid<\/span>\n\t\t\t\t\t\t\t\t\t\t\t\t\t\t\t\t\t\t\t\t\t\t\t\t\t\t\t\t\t\t\t\t\t\t\t\t<\/span>\n\t\t\t\t\t\t\t\t\t\t\t\t\t<\/td>\n\t\t\t\t\t\t\t\t\t\t\t\t\t<td class=\"uael-table-col uael-table-body-cell-text elementor-repeater-item-955bbb4\" data-title=\"CATEGORY\">\n\t\t\t\t\t\t\t\t\t\t\t\t\t\t\t<span class=\"uael-table__text\">\n\t\t\t\t\t\t\t\t\t\t\t\t\t\t\t\t\t\t\t\t\t\t\t\t\t\t\t\t\t\t\t\t\t\t\t\t\t<span class=\"uael-table__text-inner\">Analytic<\/span>\n\t\t\t\t\t\t\t\t\t\t\t\t\t\t\t\t\t\t\t\t\t\t\t\t\t\t\t\t\t\t\t\t\t\t\t\t<\/span>\n\t\t\t\t\t\t\t\t\t\t\t\t\t<\/td>\n\t\t\t\t\t\t\t\t\t\t\t\t\t<td class=\"uael-table-col uael-table-body-cell-text elementor-repeater-item-0f8e8f2\" data-title=\"DESCRIPTION\">\n\t\t\t\t\t\t\t\t\t\t\t\t\t\t\t<span class=\"uael-table__text\">\n\t\t\t\t\t\t\t\t\t\t\t\t\t\t\t\t\t\t\t\t\t\t\t\t\t\t\t\t\t\t\t\t\t\t\t\t\t<span class=\"uael-table__text-inner\">User ID 24 after last connection<\/span>\n\t\t\t\t\t\t\t\t\t\t\t\t\t\t\t\t\t\t\t\t\t\t\t\t\t\t\t\t\t\t\t\t\t\t\t\t<\/span>\n\t\t\t\t\t\t\t\t\t\t\t\t\t<\/td>\n\t\t\t\t\t\t\t\t\t\t\t\t\t<td class=\"uael-table-col uael-table-body-cell-text elementor-repeater-item-f0f507c\" data-title=\"DURATION\">\n\t\t\t\t\t\t\t\t\t\t\t\t\t\t\t<span class=\"uael-table__text\">\n\t\t\t\t\t\t\t\t\t\t\t\t\t\t\t\t\t\t\t\t\t\t\t\t\t\t\t\t\t\t\t\t\t\t\t\t\t<span class=\"uael-table__text-inner\">24h<\/span>\n\t\t\t\t\t\t\t\t\t\t\t\t\t\t\t\t\t\t\t\t\t\t\t\t\t\t\t\t\t\t\t\t\t\t\t\t<\/span>\n\t\t\t\t\t\t\t\t\t\t\t\t\t<\/td>\n\t\t\t\t\t\t\t\t\t\t\t\t\t\t<\/tr><tr data-entry=\"3\" class=\"uael-table-row\">\n\t\t\t\t\t\t\t\t\t\t\t\t\t\t\t\t\t\t<td class=\"uael-table-col uael-table-body-cell-text elementor-repeater-item-838998c\" data-title=\"COOKIE\">\n\t\t\t\t\t\t\t\t\t\t\t\t\t\t\t<span class=\"uael-table__text\">\n\t\t\t\t\t\t\t\t\t\t\t\t\t\t\t\t\t\t\t\t\t\t\t\t\t\t\t\t\t\t\t\t\t\t\t\t\t<span class=\"uael-table__text-inner\">_gat_gtag_<\/span>\n\t\t\t\t\t\t\t\t\t\t\t\t\t\t\t\t\t\t\t\t\t\t\t\t\t\t\t\t\t\t\t\t\t\t\t\t<\/span>\n\t\t\t\t\t\t\t\t\t\t\t\t\t<\/td>\n\t\t\t\t\t\t\t\t\t\t\t\t\t<td class=\"uael-table-col uael-table-body-cell-text elementor-repeater-item-28fc794\" data-title=\"CATEGORY\">\n\t\t\t\t\t\t\t\t\t\t\t\t\t\t\t<span class=\"uael-table__text\">\n\t\t\t\t\t\t\t\t\t\t\t\t\t\t\t\t\t\t\t\t\t\t\t\t\t\t\t\t\t\t\t\t\t\t\t\t\t<span class=\"uael-table__text-inner\">Analytic<\/span>\n\t\t\t\t\t\t\t\t\t\t\t\t\t\t\t\t\t\t\t\t\t\t\t\t\t\t\t\t\t\t\t\t\t\t\t\t<\/span>\n\t\t\t\t\t\t\t\t\t\t\t\t\t<\/td>\n\t\t\t\t\t\t\t\t\t\t\t\t\t<td class=\"uael-table-col uael-table-body-cell-text elementor-repeater-item-4479157\" data-title=\"DESCRIPTION\">\n\t\t\t\t\t\t\t\t\t\t\t\t\t\t\t<span class=\"uael-table__text\">\n\t\t\t\t\t\t\t\t\t\t\t\t\t\t\t\t\t\t\t\t\t\t\t\t\t\t\t\t\t\t\t\t\t\t\t\t\t<span class=\"uael-table__text-inner\">Monitor the number of Google Analytics connections when using Google Tag manager<\/span>\n\t\t\t\t\t\t\t\t\t\t\t\t\t\t\t\t\t\t\t\t\t\t\t\t\t\t\t\t\t\t\t\t\t\t\t\t<\/span>\n\t\t\t\t\t\t\t\t\t\t\t\t\t<\/td>\n\t\t\t\t\t\t\t\t\t\t\t\t\t<td class=\"uael-table-col uael-table-body-cell-text elementor-repeater-item-50cd468\" data-title=\"DURATION\">\n\t\t\t\t\t\t\t\t\t\t\t\t\t\t\t<span class=\"uael-table__text\">\n\t\t\t\t\t\t\t\t\t\t\t\t\t\t\t\t\t\t\t\t\t\t\t\t\t\t\t\t\t\t\t\t\t\t\t\t\t<span class=\"uael-table__text-inner\">Sesion<\/span>\n\t\t\t\t\t\t\t\t\t\t\t\t\t\t\t\t\t\t\t\t\t\t\t\t\t\t\t\t\t\t\t\t\t\t\t\t<\/span>\n\t\t\t\t\t\t\t\t\t\t\t\t\t<\/td>\n\t\t\t\t\t\t\t\t\t<\/tbody>\n\t<\/table>\n\t\t<\/div>\n\t\t\t\t<\/div>\n\t\t\t\t<\/div>\n\t\t\t\t<div class=\"elementor-element elementor-element-2269b1a elementor-widget elementor-widget-text-editor\" data-id=\"2269b1a\" data-element_type=\"widget\" data-e-type=\"widget\" data-widget_type=\"text-editor.default\">\n\t\t\t\t\t\t\t\t\t<section class=\"elementor-section elementor-top-section elementor-element elementor-element-bd7ff5e elementor-section-full_width elementor-section-height-default elementor-section-height-default\" data-id=\"bd7ff5e\" data-element_type=\"section\">\n<div class=\"elementor-container elementor-column-gap-default\">\n<div class=\"elementor-row\">\n<div class=\"elementor-column elementor-col-100 elementor-top-column elementor-element elementor-element-988d02e\" data-id=\"988d02e\" data-element_type=\"column\">\n<div class=\"elementor-column-wrap elementor-element-populated\">\n<div class=\"elementor-widget-wrap\">\n<div class=\"elementor-element elementor-element-e7f32c2 elementor-widget elementor-widget-text-editor\" data-id=\"e7f32c2\" data-element_type=\"widget\" data-widget_type=\"text-editor.default\">\n<div class=\"elementor-widget-container\">\n<div class=\"elementor-text-editor elementor-clearfix\">\n<p>FEETMEDIC displays information about its Cookie Policy with each login so that you are aware.<\/p>\n<p>Given this information, it is possible to carry out the following actions:<\/p>\n<p><em><strong>Accept cookies.<\/strong><\/em> This notice will not be displayed again when accessing any page of the portal during this session.<\/p>\n<p><em><strong>Modify settings<\/strong><\/em> . You can obtain more information about what cookies are, learn about INCIBE&#8217;s Cookie Policy and modify your browser settings to restrict or block INCIBE cookies at any time. In the case of restricting or blocking cookies, the functionalities of the website may be reduced.<\/p>\n<p><em><strong>Continue browsing or move through the scroll bar:<\/strong><\/em> in which case we consider that you accept its use.<\/p>\n<p>You can restrict, block or delete cookies from FEETMEDIC or any other website, using your browser. In each browser the operation is different, the \u201cHelp\u201d function will show you how to do it.<\/p>\n<p><em><strong>Internet Explorer: <\/strong><\/em><a href=\"https:\/\/support.microsoft.com\/es-es\/topic\/eliminar-y-administrar-cookies-168dab11-0753-043d-7c16-ede5947fc64d#ie=%22ie-10\" target=\"_blank\" rel=\"noopener noreferrer\">windows.microsoft.com\/es-xl\/internet-explorer\/delete-manage-cookies#ie=\u201die-10<\/a><br><em><strong>FireFox<\/strong><\/em>: <a href=\"https:\/\/support.mozilla.org\/es\/kb\/Borrar%20cookies\" target=\"_blank\" rel=\"noopener noreferrer\">support.mozilla.org\/es\/kb\/Borrar%20cookies<\/a><br><em><strong>Chrome:<\/strong><\/em> <a href=\"https:\/\/support.google.com\/chrome\/answer\/95647?hl=%22es%22\" target=\"_blank\" rel=\"noopener noreferrer\">support.google.com\/chrome\/answer\/95647?hl=\u201des\u201d<\/a><br><em><strong>Safari:<\/strong><\/em> <a href=\"http:\/\/www.apple.com\/es\/privacy\/use-of-cookies\/\" target=\"_blank\" rel=\"noopener noreferrer\">www.apple.com\/es\/privacy\/use-of-cookies\/<\/a><\/p>\n<p>In addition, you can also manage the cookie store in your browser through tools such as the following:<\/p>\n<p><em><strong>Ghostery:<\/strong><\/em> <a href=\"http:\/\/www.ghostery.com\/\" target=\"_blank\" rel=\"noopener noreferrer\">www.ghostery.com\/<\/a><br><em><strong>Your online choices:<\/strong><\/em><a href=\"http:\/\/www.youronlinechoices.com\/es\/\" target=\"_blank\" rel=\"noopener noreferrer\">www.youronlinechoices.com\/es\/<\/a><\/p>\n<p> <\/p>\n<h3><strong>Applicable law and jurisdiction<\/strong><\/h3>\n<p>The applicable law in the event of a dispute or conflict of interpretation of the terms that make up this Legal Notice, as well as any issue related to the services of this Portal, will be Spanish law.<\/p>\n<p>For the resolution of any conflict that may arise during the visit to the Portal or the use of the services that may be offered therein, FEETMEDIC and the User agree to submit to the Judges and Courts of the domicile of FEETMEDIC.<\/p>\n<\/div>\n<\/div>\n<\/div>\n<\/div>\n<\/div>\n<\/div>\n<\/div>\n<\/div>\n<\/section>\t\t\t\t\t\t\t\t<\/div>\n\t\t\t\t\t<\/div>\n\t\t<\/div>\n\t\t\t\t\t<\/div>\n\t\t<\/section>\n\t\t\t\t<\/div>\n\t\t","protected":false},"excerpt":{"rendered":"<p>Cookies policy The FEETMEDIC website uses cookies (small information files that the server sends to the computer of the person accessing the page) for the correct functioning and visualization of the websites by the user, as well as the collection of statistics. Specifically, the following Cookies are used: COOKIE CATEGORY DESCRIPTION DURATION _ga_ Analytic User [&hellip;]<\/p>\n","protected":false},"author":3,"featured_media":0,"parent":0,"menu_order":0,"comment_status":"closed","ping_status":"closed","template":"elementor_header_footer","meta":{"_acf_changed":false,"inline_featured_image":false,"_joinchat":[],"footnotes":""},"class_list":["post-1344","page","type-page","status-publish","hentry"],"acf":[],"yoast_head":"<!-- This site is optimized with the Yoast SEO plugin v27.4 - https:\/\/yoast.com\/product\/yoast-seo-wordpress\/ -->\n<title>Cookies policy - Pod\u00f3logo Arg\u00fcelles | FeetMedic<\/title>\n<meta name=\"robots\" content=\"index, follow, max-snippet:-1, max-image-preview:large, max-video-preview:-1\" \/>\n<link rel=\"canonical\" href=\"https:\/\/podologoarguelles.es\/en\/cookies-policy\/\" \/>\n<meta property=\"og:locale\" content=\"en_US\" \/>\n<meta property=\"og:type\" content=\"article\" \/>\n<meta property=\"og:title\" content=\"Cookies policy - Pod\u00f3logo Arg\u00fcelles | FeetMedic\" \/>\n<meta property=\"og:description\" content=\"Cookies policy The FEETMEDIC website uses cookies (small information files that the server sends to the computer of the person accessing the page) for the correct functioning and visualization of the websites by the user, as well as the collection of statistics. Specifically, the following Cookies are used: COOKIE CATEGORY DESCRIPTION DURATION _ga_ Analytic User [&hellip;]\" \/>\n<meta property=\"og:url\" content=\"https:\/\/podologoarguelles.es\/en\/cookies-policy\/\" \/>\n<meta property=\"og:site_name\" content=\"Pod\u00f3logo Arg\u00fcelles | FeetMedic\" \/>\n<meta property=\"article:modified_time\" content=\"2023-10-19T16:11:57+00:00\" \/>\n<meta name=\"twitter:card\" content=\"summary_large_image\" \/>\n<meta name=\"twitter:label1\" content=\"Est. reading time\" \/>\n\t<meta name=\"twitter:data1\" content=\"2 minutes\" \/>\n<script type=\"application\/ld+json\" class=\"yoast-schema-graph\">{\"@context\":\"https:\\\/\\\/schema.org\",\"@graph\":[{\"@type\":\"WebPage\",\"@id\":\"https:\\\/\\\/podologoarguelles.es\\\/en\\\/cookies-policy\\\/\",\"url\":\"https:\\\/\\\/podologoarguelles.es\\\/en\\\/cookies-policy\\\/\",\"name\":\"Cookies policy - Pod\u00f3logo Arg\u00fcelles | FeetMedic\",\"isPartOf\":{\"@id\":\"https:\\\/\\\/podologoarguelles.es\\\/en\\\/#website\"},\"datePublished\":\"2022-05-04T07:18:54+00:00\",\"dateModified\":\"2023-10-19T16:11:57+00:00\",\"breadcrumb\":{\"@id\":\"https:\\\/\\\/podologoarguelles.es\\\/en\\\/cookies-policy\\\/#breadcrumb\"},\"inLanguage\":\"en-US\",\"potentialAction\":[{\"@type\":\"ReadAction\",\"target\":[\"https:\\\/\\\/podologoarguelles.es\\\/en\\\/cookies-policy\\\/\"]}]},{\"@type\":\"BreadcrumbList\",\"@id\":\"https:\\\/\\\/podologoarguelles.es\\\/en\\\/cookies-policy\\\/#breadcrumb\",\"itemListElement\":[{\"@type\":\"ListItem\",\"position\":1,\"name\":\"Portada\",\"item\":\"https:\\\/\\\/podologoarguelles.es\\\/en\\\/home\\\/\"},{\"@type\":\"ListItem\",\"position\":2,\"name\":\"Cookies policy\"}]},{\"@type\":\"WebSite\",\"@id\":\"https:\\\/\\\/podologoarguelles.es\\\/en\\\/#website\",\"url\":\"https:\\\/\\\/podologoarguelles.es\\\/en\\\/\",\"name\":\"Pod\u00f3logo Arg\u00fcelles | FeetMedic\",\"description\":\"Cl\u00ednica de podolog\u00eda en Arg\u00fcelles\",\"publisher\":{\"@id\":\"https:\\\/\\\/podologoarguelles.es\\\/en\\\/#organization\"},\"potentialAction\":[{\"@type\":\"SearchAction\",\"target\":{\"@type\":\"EntryPoint\",\"urlTemplate\":\"https:\\\/\\\/podologoarguelles.es\\\/en\\\/?s={search_term_string}\"},\"query-input\":{\"@type\":\"PropertyValueSpecification\",\"valueRequired\":true,\"valueName\":\"search_term_string\"}}],\"inLanguage\":\"en-US\"},{\"@type\":\"Organization\",\"@id\":\"https:\\\/\\\/podologoarguelles.es\\\/en\\\/#organization\",\"name\":\"Pod\u00f3logo Arg\u00fcelles | FeetMedic\",\"url\":\"https:\\\/\\\/podologoarguelles.es\\\/en\\\/\",\"logo\":{\"@type\":\"ImageObject\",\"inLanguage\":\"en-US\",\"@id\":\"https:\\\/\\\/podologoarguelles.es\\\/en\\\/#\\\/schema\\\/logo\\\/image\\\/\",\"url\":\"https:\\\/\\\/podologoarguelles.es\\\/wp-content\\\/uploads\\\/2022\\\/04\\\/logo-feetmedic.svg\",\"contentUrl\":\"https:\\\/\\\/podologoarguelles.es\\\/wp-content\\\/uploads\\\/2022\\\/04\\\/logo-feetmedic.svg\",\"width\":180,\"height\":66,\"caption\":\"Pod\u00f3logo Arg\u00fcelles | FeetMedic\"},\"image\":{\"@id\":\"https:\\\/\\\/podologoarguelles.es\\\/en\\\/#\\\/schema\\\/logo\\\/image\\\/\"}}]}<\/script>\n<!-- \/ Yoast SEO plugin. -->","yoast_head_json":{"title":"Cookies policy - Pod\u00f3logo Arg\u00fcelles | FeetMedic","robots":{"index":"index","follow":"follow","max-snippet":"max-snippet:-1","max-image-preview":"max-image-preview:large","max-video-preview":"max-video-preview:-1"},"canonical":"https:\/\/podologoarguelles.es\/en\/cookies-policy\/","og_locale":"en_US","og_type":"article","og_title":"Cookies policy - Pod\u00f3logo Arg\u00fcelles | FeetMedic","og_description":"Cookies policy The FEETMEDIC website uses cookies (small information files that the server sends to the computer of the person accessing the page) for the correct functioning and visualization of the websites by the user, as well as the collection of statistics. Specifically, the following Cookies are used: COOKIE CATEGORY DESCRIPTION DURATION _ga_ Analytic User [&hellip;]","og_url":"https:\/\/podologoarguelles.es\/en\/cookies-policy\/","og_site_name":"Pod\u00f3logo Arg\u00fcelles | FeetMedic","article_modified_time":"2023-10-19T16:11:57+00:00","twitter_card":"summary_large_image","twitter_misc":{"Est. reading time":"2 minutes"},"schema":{"@context":"https:\/\/schema.org","@graph":[{"@type":"WebPage","@id":"https:\/\/podologoarguelles.es\/en\/cookies-policy\/","url":"https:\/\/podologoarguelles.es\/en\/cookies-policy\/","name":"Cookies policy - Pod\u00f3logo Arg\u00fcelles | FeetMedic","isPartOf":{"@id":"https:\/\/podologoarguelles.es\/en\/#website"},"datePublished":"2022-05-04T07:18:54+00:00","dateModified":"2023-10-19T16:11:57+00:00","breadcrumb":{"@id":"https:\/\/podologoarguelles.es\/en\/cookies-policy\/#breadcrumb"},"inLanguage":"en-US","potentialAction":[{"@type":"ReadAction","target":["https:\/\/podologoarguelles.es\/en\/cookies-policy\/"]}]},{"@type":"BreadcrumbList","@id":"https:\/\/podologoarguelles.es\/en\/cookies-policy\/#breadcrumb","itemListElement":[{"@type":"ListItem","position":1,"name":"Portada","item":"https:\/\/podologoarguelles.es\/en\/home\/"},{"@type":"ListItem","position":2,"name":"Cookies policy"}]},{"@type":"WebSite","@id":"https:\/\/podologoarguelles.es\/en\/#website","url":"https:\/\/podologoarguelles.es\/en\/","name":"Pod\u00f3logo Arg\u00fcelles | FeetMedic","description":"Cl\u00ednica de podolog\u00eda en Arg\u00fcelles","publisher":{"@id":"https:\/\/podologoarguelles.es\/en\/#organization"},"potentialAction":[{"@type":"SearchAction","target":{"@type":"EntryPoint","urlTemplate":"https:\/\/podologoarguelles.es\/en\/?s={search_term_string}"},"query-input":{"@type":"PropertyValueSpecification","valueRequired":true,"valueName":"search_term_string"}}],"inLanguage":"en-US"},{"@type":"Organization","@id":"https:\/\/podologoarguelles.es\/en\/#organization","name":"Pod\u00f3logo Arg\u00fcelles | FeetMedic","url":"https:\/\/podologoarguelles.es\/en\/","logo":{"@type":"ImageObject","inLanguage":"en-US","@id":"https:\/\/podologoarguelles.es\/en\/#\/schema\/logo\/image\/","url":"https:\/\/podologoarguelles.es\/wp-content\/uploads\/2022\/04\/logo-feetmedic.svg","contentUrl":"https:\/\/podologoarguelles.es\/wp-content\/uploads\/2022\/04\/logo-feetmedic.svg","width":180,"height":66,"caption":"Pod\u00f3logo Arg\u00fcelles | FeetMedic"},"image":{"@id":"https:\/\/podologoarguelles.es\/en\/#\/schema\/logo\/image\/"}}]}},"_links":{"self":[{"href":"https:\/\/podologoarguelles.es\/en\/wp-json\/wp\/v2\/pages\/1344","targetHints":{"allow":["GET"]}}],"collection":[{"href":"https:\/\/podologoarguelles.es\/en\/wp-json\/wp\/v2\/pages"}],"about":[{"href":"https:\/\/podologoarguelles.es\/en\/wp-json\/wp\/v2\/types\/page"}],"author":[{"embeddable":true,"href":"https:\/\/podologoarguelles.es\/en\/wp-json\/wp\/v2\/users\/3"}],"replies":[{"embeddable":true,"href":"https:\/\/podologoarguelles.es\/en\/wp-json\/wp\/v2\/comments?post=1344"}],"version-history":[{"count":0,"href":"https:\/\/podologoarguelles.es\/en\/wp-json\/wp\/v2\/pages\/1344\/revisions"}],"wp:attachment":[{"href":"https:\/\/podologoarguelles.es\/en\/wp-json\/wp\/v2\/media?parent=1344"}],"curies":[{"name":"wp","href":"https:\/\/api.w.org\/{rel}","templated":true}]}}