{"id":1337,"date":"2022-05-04T09:16:58","date_gmt":"2022-05-04T07:16:58","guid":{"rendered":"https:\/\/podologoarguelles.es\/legal-advice\/"},"modified":"2023-10-19T17:45:20","modified_gmt":"2023-10-19T15:45:20","slug":"legal-advice","status":"publish","type":"page","link":"https:\/\/podologoarguelles.es\/en\/legal-advice\/","title":{"rendered":"Legal Advice"},"content":{"rendered":"\t\t<div data-elementor-type=\"wp-page\" data-elementor-id=\"1337\" class=\"elementor elementor-1337 elementor-979\" data-elementor-post-type=\"page\">\n\t\t\t\t\t\t<section class=\"elementor-section elementor-top-section elementor-element elementor-element-75f71261 elementor-section-boxed elementor-section-height-default elementor-section-height-default\" data-id=\"75f71261\" data-element_type=\"section\" data-e-type=\"section\">\n\t\t\t\t\t\t<div class=\"elementor-container elementor-column-gap-default\">\n\t\t\t\t\t<div class=\"elementor-column elementor-col-100 elementor-top-column elementor-element elementor-element-703d1e1e\" data-id=\"703d1e1e\" data-element_type=\"column\" data-e-type=\"column\">\n\t\t\t<div class=\"elementor-widget-wrap elementor-element-populated\">\n\t\t\t\t\t\t<div class=\"elementor-element elementor-element-56be409 elementor-widget elementor-widget-heading\" data-id=\"56be409\" data-element_type=\"widget\" data-e-type=\"widget\" data-widget_type=\"heading.default\">\n\t\t\t\t\t<h2 class=\"elementor-heading-title elementor-size-default\">LEGAL ADVICE<\/h2>\t\t\t\t<\/div>\n\t\t\t\t<div class=\"elementor-element elementor-element-54fd003d elementor-widget elementor-widget-text-editor\" data-id=\"54fd003d\" data-element_type=\"widget\" data-e-type=\"widget\" data-widget_type=\"text-editor.default\">\n\t\t\t\t\t\t\t\t\t<p>In compliance with Law 34\/2002, of July 11, on information society services and electronic commerce (LSSI), we inform you that:<\/p>\n<p><strong>Hip\u00f3lito Montesinos Verd\u00fa.<\/strong>, as Data Controller, informs you that, in accordance with the provisions of Regulation (EU) 2016\/679, of April 27, (RGPD) and the L.O. 3\/2018, of December 5, on data protection and guarantee of digital rights (LOPDGDD), we will treat your data as reflected in this Privacy Policy.<\/p>\n<p>Social denomination: <strong>Hip\u00f3lito Montesinos Verd\u00fa<\/strong><\/p>\n<p>Tradename: <strong>FeetMedic<\/strong><\/p>\n<p>CIF: <strong>44755089x<\/strong><\/p>\n<p>Address: C\/Tera 1, Villaviciosa de Od\u00f2n, 28670 Madrid.<\/p>\n<p>e-mail: <a href=\"mailto:info@feetmedic.es\">info@feetmedic.es<\/a><\/p>\n<p> <\/p>\n<h3><strong>General conditions of use of the FeetMedic website<\/strong><\/h3>\n<p>The domain name https:\/\/www.podologoadomiciliomadrid.es\/ is owned by FeetMedic and its exclusive use is reserved for it.<\/p>\n<p>The official portal of https:\/\/www.podologoadomiciliomadrid.es\/, aims to provide the general public with knowledge of the activities that this Organization carries out and the products and services it provides.<\/p>\n<p>The use of this website implies the express and full acceptance of the conditions set forth herein, without prejudice to those particular conditions that may apply to some of the specific products or services offered through the website.<\/p>\n<p>FeetMedic reserves the right to make, at any time and without prior notice, modifications and updates to the information contained on its Website or in its configuration and presentation.<\/p>\n<p>In order to keep the information published on the portal updated, its contents may be modified, corrected, deleted or added at any time, so it will be advisable to check their validity or accuracy by going to official sources.<\/p>\n<p><strong>Intellectual, industrial property and frames.<\/strong><\/p>\n<p>All the elements that make up the website, as well as its structure, design, source code, as well as the logos, brands and other distinctive signs that appear therein, are the property of FeetMedic or its collaborators and are protected by the corresponding rights. of intellectual and industrial property.<\/p>\n<p>Likewise, the images and other graphic elements contained in the portals are protected by the corresponding intellectual and industrial property rights.<br>FeetMedic expressly prohibits the creation of \u201cframings\u201d or the use by third parties of any other mechanisms that alter the design, original configuration or contents of our portals.<\/p>\n<p>The use of the content must respect its particular license. Therefore, its use, reproduction, distribution, public communication, transformation or any other similar or analogous activity is totally prohibited unless there is prior and express authorization from FeetMedic.<\/p>\n<p>Regarding quotes from news, products and services of third parties that may appear on the Web, FeetMedic recognizes in favor of their owners the corresponding industrial and intellectual property rights, their mere mention or appearance on the Web not implying the existence of rights. nor any responsibility for them, nor endorsement, sponsorship or recommendation.<\/p>\n<p>FeetMedic declares its respect for the intellectual and industrial property rights of third parties; Therefore, if you consider that our portals may be violating your rights, please contact FeetMedic.<\/p>\n<h3><strong>Responsibility<\/strong><\/h3>\n<p>FeetMedic does not guarantee the absence of errors in accessing the Website, in its content, or that it is updated, although FeetMedic will make its best efforts to, where appropriate, avoid, correct or update them.<\/p>\n<p>Both access to the FeetMedic portals and the use that may be made of the information contained therein is the exclusive responsibility of the person doing so.<\/p>\n<p>FeetMedic is not responsible for any possible security errors that may occur or for any possible damage that may be caused to the User&#8217;s computer system (hardware and software), the files or documents stored therein, as a result of the presence of viruses. on the User&#8217;s computer used to connect to the services and contents of the Website, a malfunction of the browser or the use of non-updated versions of the same.<\/p>\n<p>FeetMedic is not responsible for the information and content stored, by way of example but not limited to, in forums, chats, blogs, comments, social networks or any other means that allows third parties to publish content independently on the FeetMedic website.<\/p>\n<p>However, and in compliance with the provisions of the LSSI, FeetMedic makes itself available to all users, authorities and security forces, and actively collaborates in the withdrawal or, where appropriate, blocking of all content that could affect or contravene national or international legislation, third party rights or morality and public order. If the user considers that there is any content on the website that could be susceptible to this classification, please contact FeetMedic.<\/p>\n<h3><strong>Links or hyperlinks<\/strong><\/h3>\n<p>The Website may contain links to content that is directed to third-party Web content. The objective of these links is solely to facilitate your search for resources that may interest you on the Internet. However, these pages do not belong to FeetMedic, nor does it review their contents and, therefore, FeetMedic does not assume any responsibility for the content, information or services that may appear on said sites, which will be exclusively informative and in no way In any case, they imply any relationship between FeetMedic and the persons or entities that own such content or the owners of the sites where they are located. FeetMedic cannot be held responsible for the operation of the linked page or for any possible damages that may arise from access or use of it.<\/p>\n<p>Links to the FeetMedic website must respect the following conditions:<\/p>\n<p>1. The establishment of the link will not per se imply any type of agreement, contract, sponsorship or recommendation by FeetMedic of the page that makes the link.<\/p>\n<p>2. The web page on which the hyperlink is established will not contain information with content that is illicit, discriminatory, contrary to commonly accepted ethical principles or violates public order, nor will it contain content contrary to any third party rights.<\/p>\n<p>3. FeetMedic may request that a link to its website be removed, without having to give any cause. In this case, the page that made the link must proceed to its immediate deletion, as soon as it receives the FeetMedic notification.<\/p>\n<p>4. It is not responsible in any way or guarantees the quality, accuracy, reliability, correctness or morality of content or services that the establishment of the hyperlink may offer. The user assumes sole responsibility for any consequences, damages or actions that may arise from accessing the hyperlinked website.<\/p>\n<h3><strong>Personal data protection<\/strong><\/h3>\n<p>FeetMedic is deeply committed to compliance with personal data protection regulations, and guarantees full compliance with the established obligations, as well as the implementation of appropriate security measures to guarantee a level of security appropriate to the risk.<br>FeetMedic makes its <a href=\"https:\/\/podologoadomiciliomadrid.es\/politica-de-privacidad\" target=\"_blank\" rel=\"noopener noreferrer\">Privacy Policy<\/a> available to users.<\/p>\n<p> <\/p>\t\t\t\t\t\t\t\t<\/div>\n\t\t\t\t\t<\/div>\n\t\t<\/div>\n\t\t\t\t\t<\/div>\n\t\t<\/section>\n\t\t\t\t<\/div>\n\t\t","protected":false},"excerpt":{"rendered":"<p>LEGAL ADVICE In compliance with Law 34\/2002, of July 11, on information society services and electronic commerce (LSSI), we inform you that: Hip\u00f3lito Montesinos Verd\u00fa., as Data Controller, informs you that, in accordance with the provisions of Regulation (EU) 2016\/679, of April 27, (RGPD) and the L.O. 3\/2018, of December 5, on data protection and [&hellip;]<\/p>\n","protected":false},"author":3,"featured_media":0,"parent":0,"menu_order":0,"comment_status":"closed","ping_status":"closed","template":"elementor_header_footer","meta":{"_acf_changed":false,"inline_featured_image":false,"_joinchat":[],"footnotes":""},"class_list":["post-1337","page","type-page","status-publish","hentry"],"acf":[],"yoast_head":"<!-- This site is optimized with the Yoast SEO plugin v27.4 - https:\/\/yoast.com\/product\/yoast-seo-wordpress\/ -->\n<title>Legal Advice - Pod\u00f3logo Arg\u00fcelles | FeetMedic<\/title>\n<meta name=\"robots\" content=\"index, follow, max-snippet:-1, max-image-preview:large, max-video-preview:-1\" \/>\n<link rel=\"canonical\" href=\"https:\/\/podologoarguelles.es\/en\/legal-advice\/\" \/>\n<meta property=\"og:locale\" content=\"en_US\" \/>\n<meta property=\"og:type\" content=\"article\" \/>\n<meta property=\"og:title\" content=\"Legal Advice - Pod\u00f3logo Arg\u00fcelles | FeetMedic\" \/>\n<meta property=\"og:description\" content=\"LEGAL ADVICE In compliance with Law 34\/2002, of July 11, on information society services and electronic commerce (LSSI), we inform you that: Hip\u00f3lito Montesinos Verd\u00fa., as Data Controller, informs you that, in accordance with the provisions of Regulation (EU) 2016\/679, of April 27, (RGPD) and the L.O. 3\/2018, of December 5, on data protection and [&hellip;]\" \/>\n<meta property=\"og:url\" content=\"https:\/\/podologoarguelles.es\/en\/legal-advice\/\" \/>\n<meta property=\"og:site_name\" content=\"Pod\u00f3logo Arg\u00fcelles | FeetMedic\" \/>\n<meta property=\"article:modified_time\" content=\"2023-10-19T15:45:20+00:00\" \/>\n<meta name=\"twitter:card\" content=\"summary_large_image\" \/>\n<meta name=\"twitter:label1\" content=\"Est. reading time\" \/>\n\t<meta name=\"twitter:data1\" content=\"5 minutes\" \/>\n<script type=\"application\/ld+json\" class=\"yoast-schema-graph\">{\"@context\":\"https:\\\/\\\/schema.org\",\"@graph\":[{\"@type\":\"WebPage\",\"@id\":\"https:\\\/\\\/podologoarguelles.es\\\/en\\\/legal-advice\\\/\",\"url\":\"https:\\\/\\\/podologoarguelles.es\\\/en\\\/legal-advice\\\/\",\"name\":\"Legal Advice - Pod\u00f3logo Arg\u00fcelles | FeetMedic\",\"isPartOf\":{\"@id\":\"https:\\\/\\\/podologoarguelles.es\\\/en\\\/#website\"},\"datePublished\":\"2022-05-04T07:16:58+00:00\",\"dateModified\":\"2023-10-19T15:45:20+00:00\",\"breadcrumb\":{\"@id\":\"https:\\\/\\\/podologoarguelles.es\\\/en\\\/legal-advice\\\/#breadcrumb\"},\"inLanguage\":\"en-US\",\"potentialAction\":[{\"@type\":\"ReadAction\",\"target\":[\"https:\\\/\\\/podologoarguelles.es\\\/en\\\/legal-advice\\\/\"]}]},{\"@type\":\"BreadcrumbList\",\"@id\":\"https:\\\/\\\/podologoarguelles.es\\\/en\\\/legal-advice\\\/#breadcrumb\",\"itemListElement\":[{\"@type\":\"ListItem\",\"position\":1,\"name\":\"Portada\",\"item\":\"https:\\\/\\\/podologoarguelles.es\\\/en\\\/home\\\/\"},{\"@type\":\"ListItem\",\"position\":2,\"name\":\"Legal Advice\"}]},{\"@type\":\"WebSite\",\"@id\":\"https:\\\/\\\/podologoarguelles.es\\\/en\\\/#website\",\"url\":\"https:\\\/\\\/podologoarguelles.es\\\/en\\\/\",\"name\":\"Pod\u00f3logo Arg\u00fcelles | FeetMedic\",\"description\":\"Cl\u00ednica de podolog\u00eda en Arg\u00fcelles\",\"publisher\":{\"@id\":\"https:\\\/\\\/podologoarguelles.es\\\/en\\\/#organization\"},\"potentialAction\":[{\"@type\":\"SearchAction\",\"target\":{\"@type\":\"EntryPoint\",\"urlTemplate\":\"https:\\\/\\\/podologoarguelles.es\\\/en\\\/?s={search_term_string}\"},\"query-input\":{\"@type\":\"PropertyValueSpecification\",\"valueRequired\":true,\"valueName\":\"search_term_string\"}}],\"inLanguage\":\"en-US\"},{\"@type\":\"Organization\",\"@id\":\"https:\\\/\\\/podologoarguelles.es\\\/en\\\/#organization\",\"name\":\"Pod\u00f3logo Arg\u00fcelles | FeetMedic\",\"url\":\"https:\\\/\\\/podologoarguelles.es\\\/en\\\/\",\"logo\":{\"@type\":\"ImageObject\",\"inLanguage\":\"en-US\",\"@id\":\"https:\\\/\\\/podologoarguelles.es\\\/en\\\/#\\\/schema\\\/logo\\\/image\\\/\",\"url\":\"https:\\\/\\\/podologoarguelles.es\\\/wp-content\\\/uploads\\\/2022\\\/04\\\/logo-feetmedic.svg\",\"contentUrl\":\"https:\\\/\\\/podologoarguelles.es\\\/wp-content\\\/uploads\\\/2022\\\/04\\\/logo-feetmedic.svg\",\"width\":180,\"height\":66,\"caption\":\"Pod\u00f3logo Arg\u00fcelles | FeetMedic\"},\"image\":{\"@id\":\"https:\\\/\\\/podologoarguelles.es\\\/en\\\/#\\\/schema\\\/logo\\\/image\\\/\"}}]}<\/script>\n<!-- \/ Yoast SEO plugin. -->","yoast_head_json":{"title":"Legal Advice - Pod\u00f3logo Arg\u00fcelles | FeetMedic","robots":{"index":"index","follow":"follow","max-snippet":"max-snippet:-1","max-image-preview":"max-image-preview:large","max-video-preview":"max-video-preview:-1"},"canonical":"https:\/\/podologoarguelles.es\/en\/legal-advice\/","og_locale":"en_US","og_type":"article","og_title":"Legal Advice - Pod\u00f3logo Arg\u00fcelles | FeetMedic","og_description":"LEGAL ADVICE In compliance with Law 34\/2002, of July 11, on information society services and electronic commerce (LSSI), we inform you that: Hip\u00f3lito Montesinos Verd\u00fa., as Data Controller, informs you that, in accordance with the provisions of Regulation (EU) 2016\/679, of April 27, (RGPD) and the L.O. 3\/2018, of December 5, on data protection and [&hellip;]","og_url":"https:\/\/podologoarguelles.es\/en\/legal-advice\/","og_site_name":"Pod\u00f3logo Arg\u00fcelles | FeetMedic","article_modified_time":"2023-10-19T15:45:20+00:00","twitter_card":"summary_large_image","twitter_misc":{"Est. reading time":"5 minutes"},"schema":{"@context":"https:\/\/schema.org","@graph":[{"@type":"WebPage","@id":"https:\/\/podologoarguelles.es\/en\/legal-advice\/","url":"https:\/\/podologoarguelles.es\/en\/legal-advice\/","name":"Legal Advice - Pod\u00f3logo Arg\u00fcelles | FeetMedic","isPartOf":{"@id":"https:\/\/podologoarguelles.es\/en\/#website"},"datePublished":"2022-05-04T07:16:58+00:00","dateModified":"2023-10-19T15:45:20+00:00","breadcrumb":{"@id":"https:\/\/podologoarguelles.es\/en\/legal-advice\/#breadcrumb"},"inLanguage":"en-US","potentialAction":[{"@type":"ReadAction","target":["https:\/\/podologoarguelles.es\/en\/legal-advice\/"]}]},{"@type":"BreadcrumbList","@id":"https:\/\/podologoarguelles.es\/en\/legal-advice\/#breadcrumb","itemListElement":[{"@type":"ListItem","position":1,"name":"Portada","item":"https:\/\/podologoarguelles.es\/en\/home\/"},{"@type":"ListItem","position":2,"name":"Legal Advice"}]},{"@type":"WebSite","@id":"https:\/\/podologoarguelles.es\/en\/#website","url":"https:\/\/podologoarguelles.es\/en\/","name":"Pod\u00f3logo Arg\u00fcelles | FeetMedic","description":"Cl\u00ednica de podolog\u00eda en Arg\u00fcelles","publisher":{"@id":"https:\/\/podologoarguelles.es\/en\/#organization"},"potentialAction":[{"@type":"SearchAction","target":{"@type":"EntryPoint","urlTemplate":"https:\/\/podologoarguelles.es\/en\/?s={search_term_string}"},"query-input":{"@type":"PropertyValueSpecification","valueRequired":true,"valueName":"search_term_string"}}],"inLanguage":"en-US"},{"@type":"Organization","@id":"https:\/\/podologoarguelles.es\/en\/#organization","name":"Pod\u00f3logo Arg\u00fcelles | FeetMedic","url":"https:\/\/podologoarguelles.es\/en\/","logo":{"@type":"ImageObject","inLanguage":"en-US","@id":"https:\/\/podologoarguelles.es\/en\/#\/schema\/logo\/image\/","url":"https:\/\/podologoarguelles.es\/wp-content\/uploads\/2022\/04\/logo-feetmedic.svg","contentUrl":"https:\/\/podologoarguelles.es\/wp-content\/uploads\/2022\/04\/logo-feetmedic.svg","width":180,"height":66,"caption":"Pod\u00f3logo Arg\u00fcelles | FeetMedic"},"image":{"@id":"https:\/\/podologoarguelles.es\/en\/#\/schema\/logo\/image\/"}}]}},"_links":{"self":[{"href":"https:\/\/podologoarguelles.es\/en\/wp-json\/wp\/v2\/pages\/1337","targetHints":{"allow":["GET"]}}],"collection":[{"href":"https:\/\/podologoarguelles.es\/en\/wp-json\/wp\/v2\/pages"}],"about":[{"href":"https:\/\/podologoarguelles.es\/en\/wp-json\/wp\/v2\/types\/page"}],"author":[{"embeddable":true,"href":"https:\/\/podologoarguelles.es\/en\/wp-json\/wp\/v2\/users\/3"}],"replies":[{"embeddable":true,"href":"https:\/\/podologoarguelles.es\/en\/wp-json\/wp\/v2\/comments?post=1337"}],"version-history":[{"count":0,"href":"https:\/\/podologoarguelles.es\/en\/wp-json\/wp\/v2\/pages\/1337\/revisions"}],"wp:attachment":[{"href":"https:\/\/podologoarguelles.es\/en\/wp-json\/wp\/v2\/media?parent=1337"}],"curies":[{"name":"wp","href":"https:\/\/api.w.org\/{rel}","templated":true}]}}